{"id":1760,"date":"2020-09-19T12:27:04","date_gmt":"2020-09-19T09:27:04","guid":{"rendered":"https:\/\/www.safi-realestate.com\/?page_id=1760"},"modified":"2023-02-15T14:11:14","modified_gmt":"2023-02-15T11:11:14","slug":"contact-us","status":"publish","type":"page","link":"https:\/\/safi-realestate.com\/en\/contact-us\/","title":{"rendered":"Contact Us"},"content":{"rendered":"<p>[vc_row][vc_column][g5plus_space desktop=&#8221;80&#8243; tablet=&#8221;60&#8243; tablet_portrait=&#8221;40&#8243; mobile_landscape=&#8221;40&#8243; mobile=&#8221;40&#8243;][\/vc_column][\/vc_row][vc_row][vc_column offset=&#8221;vc_col-md-6&#8243;][g5plus_heading layout_style=&#8221;style2&#8243; title=&#8221;Contact Info&#8221; css=&#8221;.vc_custom_1600506751125{margin-bottom: 30px !important;}&#8221;][g5plus_icon_box layout_style=&#8221;layout-left&#8221; icon_font=&#8221;icon-location22&#8243; title=&#8221;Office&#8221; description=&#8221;Cumhuriyet Mah. D-100 Karayolu Cad.<br \/>\nExpoist Hotel \u0130stanbul Outlet Park 374<br \/>\n63 B\u00fcy\u00fck\u00e7ekmece \u0130stanbul&#8221; css=&#8221;.vc_custom_1639821158342{margin-bottom: 50px !important;}&#8221;][g5plus_icon_box layout_style=&#8221;layout-left&#8221; icon_font=&#8221;&#8221; title=&#8221;Mobile&#8221; description=&#8221;+905551699711<br \/>\n+905372277276&#8243; css=&#8221;.vc_custom_1676459472551{margin-bottom: 50px !important;}&#8221; el_class=&#8221;dir-ltr&#8221;][g5plus_icon_box layout_style=&#8221;layout-left&#8221; icon_font=&#8221;icon-mail-envelope-open2&#8243; title=&#8221;E-Mail&#8221; description=&#8221;info@safi-realestate.com&#8221; css=&#8221;.vc_custom_1600507090640{margin-bottom: 50px !important;}&#8221;][\/vc_column][vc_column offset=&#8221;vc_col-md-6&#8243;][g5plus_heading layout_style=&#8221;style2&#8243; title=&#8221;Contact Form&#8221; css=&#8221;.vc_custom_1600506735713{margin-bottom: 30px !important;}&#8221;]\n<div class=\"wpcf7 no-js\" id=\"wpcf7-f1752-o1\" lang=\"en-US\" dir=\"ltr\">\n<div class=\"screen-reader-response\"><p role=\"status\" aria-live=\"polite\" aria-atomic=\"true\"><\/p> <ul><\/ul><\/div>\n<form action=\"\/en\/wp-json\/wp\/v2\/pages\/1760#wpcf7-f1752-o1\" method=\"post\" class=\"wpcf7-form init\" aria-label=\"Contact form\" novalidate=\"novalidate\" data-status=\"init\">\n<div style=\"display: none;\">\n<input type=\"hidden\" name=\"_wpcf7\" value=\"1752\" \/>\n<input type=\"hidden\" name=\"_wpcf7_version\" value=\"5.9.8\" \/>\n<input type=\"hidden\" name=\"_wpcf7_locale\" value=\"en_US\" \/>\n<input type=\"hidden\" name=\"_wpcf7_unit_tag\" value=\"wpcf7-f1752-o1\" \/>\n<input type=\"hidden\" name=\"_wpcf7_container_post\" value=\"0\" \/>\n<input type=\"hidden\" name=\"_wpcf7_posted_data_hash\" value=\"\" \/>\n<\/div>\n<p><label> Your Name (required)<br \/>\n<span class=\"wpcf7-form-control-wrap\" data-name=\"your-name\"><input size=\"40\" maxlength=\"400\" class=\"wpcf7-form-control wpcf7-text wpcf7-validates-as-required\" aria-required=\"true\" aria-invalid=\"false\" value=\"\" type=\"text\" name=\"your-name\" \/><\/span> <\/label>\n<\/p>\n<p><label> Your Email (required)<br \/>\n<span class=\"wpcf7-form-control-wrap\" data-name=\"your-email\"><input size=\"40\" maxlength=\"400\" class=\"wpcf7-form-control wpcf7-email wpcf7-validates-as-required wpcf7-text wpcf7-validates-as-email\" aria-required=\"true\" aria-invalid=\"false\" value=\"\" type=\"email\" name=\"your-email\" \/><\/span> <\/label>\n<\/p>\n<p><label> Subject<br \/>\n<span class=\"wpcf7-form-control-wrap\" data-name=\"your-subject\"><input size=\"40\" maxlength=\"400\" class=\"wpcf7-form-control wpcf7-text\" aria-invalid=\"false\" value=\"\" type=\"text\" name=\"your-subject\" \/><\/span> <\/label>\n<\/p>\n<p><label> Your Message<br \/>\n<span class=\"wpcf7-form-control-wrap\" data-name=\"your-message\"><textarea cols=\"40\" rows=\"10\" maxlength=\"2000\" class=\"wpcf7-form-control wpcf7-textarea\" aria-invalid=\"false\" name=\"your-message\"><\/textarea><\/span> <\/label>\n<\/p>\n<p><input class=\"wpcf7-form-control wpcf7-submit has-spinner\" type=\"submit\" value=\"Send\" \/>\n<\/p><div class=\"wpcf7-response-output\" aria-hidden=\"true\"><\/div>\n<\/form>\n<\/div>\n[\/vc_column][vc_column][g5plus_space desktop=&#8221;80&#8243; tablet=&#8221;60&#8243; tablet_portrait=&#8221;40&#8243; mobile_landscape=&#8221;40&#8243; mobile=&#8221;40&#8243;][\/vc_column][\/vc_row][vc_row full_width=&#8221;stretch_row_content_no_spaces&#8221;][vc_column][g5plus_google_map markers=&#8221;%5B%7B%22lat%22%3A%2241.0193044%22%2C%22lng%22%3A%2228.6290619%22%2C%22title%22%3A%22Safi%20Real%20Estate%22%7D%5D&#8221;][\/vc_column][\/vc_row]<\/p>\n","protected":false},"excerpt":{"rendered":"<p>[vc_row][vc_column][g5plus_space desktop=&#8221;80&#8243; tablet=&#8221;60&#8243; tablet_portrait=&#8221;40&#8243; mobile_landscape=&#8221;40&#8243; mobile=&#8221;40&#8243;][\/vc_column][\/vc_row][vc_row][vc_column offset=&#8221;vc_col-md-6&#8243;][g5plus_heading layout_style=&#8221;style2&#8243; title=&#8221;Contact Info&#8221; css=&#8221;.vc_custom_1600506751125{margin-bottom: 30px !important;}&#8221;][g5plus_icon_box layout_style=&#8221;layout-left&#8221; icon_font=&#8221;icon-location22&#8243; title=&#8221;Office&#8221; description=&#8221;Cumhuriyet Mah. D-100 Karayolu Cad. Expoist Hotel \u0130stanbul Outlet Park 374 63 B\u00fcy\u00fck\u00e7ekmece \u0130stanbul&#8221; css=&#8221;.vc_custom_1639821158342{margin-bottom: 50px !important;}&#8221;][g5plus_icon_box layout_style=&#8221;layout-left&#8221; icon_font=&#8221;&#8221; title=&#8221;Mobile&#8221; description=&#8221;+905551699711 +905372277276&#8243; css=&#8221;.vc_custom_1676459472551{margin-bottom: 50px !important;}&#8221; el_class=&#8221;dir-ltr&#8221;][g5plus_icon_box layout_style=&#8221;layout-left&#8221; icon_font=&#8221;icon-mail-envelope-open2&#8243; title=&#8221;E-Mail&#8221; description=&#8221;info@safi-realestate.com&#8221; css=&#8221;.vc_custom_1600507090640{margin-bottom: 50px !important;}&#8221;][\/vc_column][vc_column offset=&#8221;vc_col-md-6&#8243;][g5plus_heading layout_style=&#8221;style2&#8243; title=&#8221;Contact Form&#8221; css=&#8221;.vc_custom_1600506735713{margin-bottom: 30px [&hellip;]<\/p>\n","protected":false},"author":1,"featured_media":0,"parent":0,"menu_order":0,"comment_status":"closed","ping_status":"closed","template":"","meta":{"footnotes":""},"class_list":["post-1760","page","type-page","status-publish","hentry"],"_links":{"self":[{"href":"https:\/\/safi-realestate.com\/en\/wp-json\/wp\/v2\/pages\/1760"}],"collection":[{"href":"https:\/\/safi-realestate.com\/en\/wp-json\/wp\/v2\/pages"}],"about":[{"href":"https:\/\/safi-realestate.com\/en\/wp-json\/wp\/v2\/types\/page"}],"author":[{"embeddable":true,"href":"https:\/\/safi-realestate.com\/en\/wp-json\/wp\/v2\/users\/1"}],"replies":[{"embeddable":true,"href":"https:\/\/safi-realestate.com\/en\/wp-json\/wp\/v2\/comments?post=1760"}],"version-history":[{"count":0,"href":"https:\/\/safi-realestate.com\/en\/wp-json\/wp\/v2\/pages\/1760\/revisions"}],"wp:attachment":[{"href":"https:\/\/safi-realestate.com\/en\/wp-json\/wp\/v2\/media?parent=1760"}],"curies":[{"name":"wp","href":"https:\/\/api.w.org\/{rel}","templated":true}]}}